{"id":3064,"date":"2024-01-26T14:24:29","date_gmt":"2024-01-26T20:24:29","guid":{"rendered":"https:\/\/iicchicago.esteri.it\/?page_id=3064"},"modified":"2026-04-21T16:29:43","modified_gmt":"2026-04-21T21:29:43","slug":"cils-certificazione-dellitaliano-come-lingua-straniera","status":"publish","type":"page","link":"https:\/\/iicchicago.esteri.it\/it\/lingua-e-cultura\/certificazioni\/cils-certificazione-dellitaliano-come-lingua-straniera\/","title":{"rendered":"CILS Certificazione dell&#8217;Italiano Come Lingua Straniera"},"content":{"rendered":"<p>I Certificati di Italiano sono\u00a0titoli che dichiarano il grado di competenza comunicativa in italiano come lingua straniera. I destinatari sono tutti i cittadini stranieri, i cittadini italiani residenti all\u2019estero (discendenti di emigrati italiani) e gli immigrati stranieri in Italia. Per sostenere le prove non \u00e8 necessario possedere titoli di studio particolari.<\/p>\n<p><a href=\"https:\/\/italculturachicago.com\/\">ItalCultura<\/a> offre corsi intensivi di preparazione agli esami CILS. Gli studenti hanno l&#8217;opportunit\u00e0 di mettere alla prova la loro competenza in italiano e ricevere una designazione ufficiale del loro livello di abilit\u00e0 linguistica. La certificazione \u00e8 rilasciata dall&#8217;Universit\u00e0 per Stranieri di Siena ed \u00e8 riconosciuta dal Governo Italiano sulla base di un accordo con il Ministero degli Affari Esteri. L&#8217;esame CILS si svolge presso l&#8217;Istituto Italiano di Cultura di Chicago (ente del governo italiano).<\/p>\n<p>Le date di esame disponibili all&#8217;Istituto Italiano di Cultura sono elencate di seguito.\u00a0 <strong>Le registrazioni devono essere effettuate entro 60 giorni prima della data d&#8217;esame.<\/strong> \u00a0Oltre alla tariffa standard dell&#8217;esame, ogni candidato sar\u00e0 tenuto a <strong>pagare una quota aggiuntiva di $60 all&#8217;Istituto Italiano di Cultura di Chicago<\/strong>\u00a0per coprire le spese di gestione dell&#8217;esame.<\/p>\n<p>Per<strong> iscriversi<\/strong> all&#8217;esame CILS presso l&#8217;Istituto Italiano di Cultura di Chicago o per qualsiasi domanda relativa allo svolgimento dell&#8217;esame presso la nostra sede, si prega di inviare una mail a <a href=\"mailto:maryanne.melchior@esteri.it\">maryanne.melchior@esteri.it<\/a>.<\/p>\n<p>&nbsp;<\/p>\n<p style=\"text-align: center;\"><strong><u>DATE 2026 LIVELLI *(i livelli A1 solo su richiesta delle sedi)<\/u><\/strong><\/p>\n<table class=\" aligncenter\" style=\"height: 5px;\" width=\"551\">\n<tbody>\n<tr>\n<td width=\"621\"><strong>20 GIUGNO** (scadenza iscrizioni 7 maggio)<\/strong><\/p>\n<p>**Si prega di notare che altre sedi offriranno questo esame il 16 giugno.<\/p>\n<p>A1*<br \/>\nA1 Bambini*<br \/>\nA1 A*<br \/>\nA1 Integrazione in Italia*<br \/>\nA2 Standard<br \/>\nA2 Bambini<br \/>\nA2 A<br \/>\nA2 Integrazione in Italia<br \/>\nB1 A<br \/>\nB1 C<br \/>\nB1 Standard<br \/>\nB2<br \/>\nB2 A<br \/>\nC1<br \/>\nC2<\/td>\n<\/tr>\n<tr>\n<td width=\"621\"><strong style=\"font-family: inherit; font-size: inherit;\">21 OTTOBRE (scadenza iscrizioni 21 settembre)<\/strong><\/p>\n<p>A2 Standard<br \/>\nA2 Integrazione<br \/>\nB1 C<\/td>\n<\/tr>\n<tr>\n<td width=\"621\"><strong>3 DICEMBRE (scadenza iscrizioni 24 ottobre)<\/strong><\/p>\n<p>A1*<br \/>\nA1 Bambini*<br \/>\nA1 A*<br \/>\nA1 Integrazione in Italia*<br \/>\nA2 Standard<br \/>\nA2 Bambini<br \/>\nA2 A<br \/>\nA2 Integrazione in Italia<br \/>\nB1 A<br \/>\nB1 C<br \/>\nB1 Standard<br \/>\nB2<br \/>\nB2 A<br \/>\nC1<br \/>\nC2<\/td>\n<\/tr>\n<\/tbody>\n<\/table>\n<p>Per maggiori informazioni sugli Esami CILS e per prendere visione dei materiali d\u2019esame,\u00a0<a href=\"https:\/\/cils.unistrasi.it\/1\/98\/Esami_CILS.htm\">clicca qui.<\/a><\/p>\n<p>Per informazioni sui corsi offerti da ItalCultura, scuola di lingua presso il nostro Istituto: <a href=\"https:\/\/italculturachicago.com\/\">italculturachicago.com<\/a><\/p>\n<p>Per una lista completa di altre sedi di esame nel mondo, <a href=\"https:\/\/cils.unistrasi.it\/1\/84\/16\/Le_sedi_di_esami.htm\">clicca qui<\/a>.<\/p>\n<p>Per le prove all\u2019estero\u00a0presso gli Istituti Italiani di Cultura, il Ministero degli Affari Esteri ha stipulato convenzioni con\u00a0<strong>Universit\u00e0 per Stranieri di Siena (CILS),<\/strong> Universit\u00e0 per Stranieri di Perugia (CELI \u2013 CIC), Universit\u00e0 degli Studi Roma Tre (IT &#8211; ele.IT) e con la Societ\u00e0 Dante Alighieri.<\/p>\n<p style=\"text-align: center;\"><img loading=\"lazy\" decoding=\"async\" class=\"alignnone size-full wp-image-1380 img-fluid\" src=\"https:\/\/iicchicago.esteri.it\/wp-content\/uploads\/2023\/09\/Image-Divider.png\" alt=\"\" width=\"800\" height=\"50\" srcset=\"https:\/\/iicchicago.esteri.it\/wp-content\/uploads\/2023\/09\/Image-Divider.png 800w, https:\/\/iicchicago.esteri.it\/wp-content\/uploads\/2023\/09\/Image-Divider-300x19.png 300w, https:\/\/iicchicago.esteri.it\/wp-content\/uploads\/2023\/09\/Image-Divider-768x48.png 768w\" sizes=\"auto, (max-width: 800px) 100vw, 800px\" \/><\/p>\n<p><span class=\"titoloCategoria\"><em>Corrispondenza delle certificazioni con il Quadro Comune Europeo di Riferimento<\/em><\/span><\/p>\n<table class=\"tableRed table\" border=\"0\" cellspacing=\"0\" cellpadding=\"0\">\n<tbody>\n<tr>\n<th class=\"titolorosso\" width=\"100\"><\/th>\n<th class=\"titolorosso\" width=\"100\">Universit\u00e0 per Stranieri di Perugia<\/th>\n<td class=\"titolorosso\" width=\"100\">Universit\u00e0 per Stranieri di<br \/>\nSiena<\/td>\n<td class=\"titolorosso\" width=\"100\">Universit\u00e0 degli Studi di Roma Tre<\/td>\n<td class=\"titolorosso\" width=\"100\">Dante Alighieri<\/td>\n<\/tr>\n<tr>\n<td class=\"tableRed\" width=\"100\"><span class=\"titoloRosso\">LIVELLO C2<br \/>\nPadronanza<\/span><\/td>\n<td class=\"tableRed\" width=\"100\">CELI 5<\/td>\n<td class=\"tableRed\" width=\"100\">CILS Quattro-C2<\/td>\n<td class=\"tableRed\" width=\"100\">IT<\/td>\n<td class=\"tableRed\" width=\"100\">PLIDA C2<\/td>\n<\/tr>\n<tr>\n<td class=\"tableRed\" width=\"100\"><span class=\"titoloRosso\">LIVELLO C1<br \/>\nEfficacia<\/span><\/td>\n<td class=\"tableRed\" width=\"100\">\n<table class=\"table\" border=\"0\" cellspacing=\"0\" cellpadding=\"0\">\n<tbody>\n<tr>\n<td class=\"tableGray\" width=\"20%\">CELI4<\/td>\n<td class=\"tableGray\" width=\"20%\"><\/td>\n<td class=\"tableGray\" width=\"20%\"><\/td>\n<\/tr>\n<\/tbody>\n<\/table>\n<\/td>\n<td class=\"tableRed\" width=\"100\">CILS Tre-C1<\/td>\n<td class=\"tableRed\" width=\"100\">&#8212;&#8212;<\/td>\n<td class=\"tableRed\" width=\"100\">PLIDA C1<\/td>\n<\/tr>\n<tr>\n<td class=\"tableRed\" width=\"100\"><span class=\"titoloRosso\">LIVELLO B2<br \/>\n<\/span><span class=\"titoloRosso\">Progresso<br \/>\n<\/span><\/td>\n<td class=\"tableRed\" width=\"100\">CELI3<\/td>\n<td class=\"tableRed\" width=\"100\">CILS Due B2<\/td>\n<td class=\"tableRed\" width=\"100\">&#8212;&#8212;<\/td>\n<td class=\"tableRed\" width=\"100\">PLIDA\u00a0B2<\/td>\n<\/tr>\n<tr>\n<td class=\"tableRed\" width=\"100\"><span class=\"titoloRosso\">LIVELLO B1<br \/>\nSoglia<\/span><\/td>\n<td class=\"tableRed\" width=\"100\">CELI2<\/td>\n<td class=\"tableRed\" width=\"100\">CILS Uno B1<\/td>\n<td class=\"tableRed\" width=\"100\">ele.IT<\/td>\n<td class=\"tableRed\" width=\"100\">PLIDA B1<\/td>\n<\/tr>\n<tr>\n<td class=\"tableRed\" width=\"100\"><span class=\"titoloRosso\">LIVELLO A2<br \/>\nSopravvivenza<\/span><\/td>\n<td class=\"tableRed\" width=\"100\">CELI1<\/td>\n<td class=\"tableRed\" width=\"100\">CILS A2<\/td>\n<td class=\"tableRed\" width=\"100\">&#8212;&#8212;<\/td>\n<td class=\"tableRed\" width=\"100\">PLIDA\u00a0A2<\/td>\n<\/tr>\n<tr>\n<td class=\"tableRed\" width=\"100\"><span class=\"titoloRosso\">LIVELLO A1<br \/>\nContatto<\/span><\/td>\n<td class=\"tableRed\" width=\"100\">CELI1<\/td>\n<td class=\"tableRed\" width=\"100\">CILS A1<\/td>\n<td class=\"tableRed\" width=\"100\">&#8212;&#8212;<\/td>\n<td class=\"tableRed\" width=\"100\">PLIDA A1<\/td>\n<\/tr>\n<\/tbody>\n<\/table>\n<p>&nbsp;<\/p>\n<p style=\"text-align: center;\"><img loading=\"lazy\" decoding=\"async\" class=\"alignnone size-full wp-image-1380 img-fluid\" src=\"https:\/\/iicchicago.esteri.it\/wp-content\/uploads\/2023\/09\/Image-Divider.png\" alt=\"\" width=\"800\" height=\"50\" srcset=\"https:\/\/iicchicago.esteri.it\/wp-content\/uploads\/2023\/09\/Image-Divider.png 800w, https:\/\/iicchicago.esteri.it\/wp-content\/uploads\/2023\/09\/Image-Divider-300x19.png 300w, https:\/\/iicchicago.esteri.it\/wp-content\/uploads\/2023\/09\/Image-Divider-768x48.png 768w\" sizes=\"auto, (max-width: 800px) 100vw, 800px\" \/><\/p>\n<p style=\"text-align: center;\"><img loading=\"lazy\" decoding=\"async\" class=\"alignnone size-full wp-image-3080 img-fluid\" src=\"https:\/\/iicchicago.esteri.it\/wp-content\/uploads\/2024\/01\/ditals-loghi.png\" alt=\"\" width=\"1600\" height=\"180\" srcset=\"https:\/\/iicchicago.esteri.it\/wp-content\/uploads\/2024\/01\/ditals-loghi.png 1600w, https:\/\/iicchicago.esteri.it\/wp-content\/uploads\/2024\/01\/ditals-loghi-300x34.png 300w, https:\/\/iicchicago.esteri.it\/wp-content\/uploads\/2024\/01\/ditals-loghi-1024x115.png 1024w, https:\/\/iicchicago.esteri.it\/wp-content\/uploads\/2024\/01\/ditals-loghi-768x86.png 768w\" sizes=\"auto, (max-width: 1600px) 100vw, 1600px\" \/><\/p>\n","protected":false},"excerpt":{"rendered":"I Certificati di Italiano sono\u00a0titoli che dichiarano il grado di competenza comunicativa in italiano come lingua straniera. I destinatari sono tutti i cittadini stranieri, i cittadini italiani residenti all\u2019estero (discendenti di emigrati italiani) e gli immigrati stranieri in Italia. Per sostenere le prove non \u00e8 necessario possedere titoli di studio particolari. ItalCultura offre corsi intensivi [&hellip;]","protected":false},"author":6,"featured_media":0,"parent":44,"menu_order":1,"comment_status":"closed","ping_status":"closed","template":"","meta":{"footnotes":""},"class_list":["post-3064","page","type-page","status-publish","hentry"],"_links":{"self":[{"href":"https:\/\/iicchicago.esteri.it\/it\/wp-json\/wp\/v2\/pages\/3064","targetHints":{"allow":["GET"]}}],"collection":[{"href":"https:\/\/iicchicago.esteri.it\/it\/wp-json\/wp\/v2\/pages"}],"about":[{"href":"https:\/\/iicchicago.esteri.it\/it\/wp-json\/wp\/v2\/types\/page"}],"author":[{"embeddable":true,"href":"https:\/\/iicchicago.esteri.it\/it\/wp-json\/wp\/v2\/users\/6"}],"replies":[{"embeddable":true,"href":"https:\/\/iicchicago.esteri.it\/it\/wp-json\/wp\/v2\/comments?post=3064"}],"version-history":[{"count":6,"href":"https:\/\/iicchicago.esteri.it\/it\/wp-json\/wp\/v2\/pages\/3064\/revisions"}],"predecessor-version":[{"id":11520,"href":"https:\/\/iicchicago.esteri.it\/it\/wp-json\/wp\/v2\/pages\/3064\/revisions\/11520"}],"up":[{"embeddable":true,"href":"https:\/\/iicchicago.esteri.it\/it\/wp-json\/wp\/v2\/pages\/44"}],"wp:attachment":[{"href":"https:\/\/iicchicago.esteri.it\/it\/wp-json\/wp\/v2\/media?parent=3064"}],"curies":[{"name":"wp","href":"https:\/\/api.w.org\/{rel}","templated":true}]}}