{"id":3070,"date":"2024-01-26T14:24:43","date_gmt":"2024-01-26T20:24:43","guid":{"rendered":"https:\/\/iicchicago.esteri.it\/?page_id=3070"},"modified":"2026-02-23T11:51:22","modified_gmt":"2026-02-23T17:51:22","slug":"ditals-certificazione-in-didattica-dellitaliano","status":"publish","type":"page","link":"https:\/\/iicchicago.esteri.it\/it\/lingua-e-cultura\/certificazioni\/ditals-certificazione-in-didattica-dellitaliano\/","title":{"rendered":"DITALS Certificazione in Didattica dell&#8217;Italiano"},"content":{"rendered":"<p>L&#8217;Istituto Italiano di Cultura di Chicago \u00e8 sede ufficiale negli Stati Uniti per l&#8217;ottenimeto della certificazione <strong>DITALS &#8211; Certificazione in Didattica dell&#8217;Italiano come Lingua Straniera<\/strong>, convenzionato con l&#8217;Universit\u00e0 per Stranieri di Siena.<\/p>\n<p>L&#8217;Istituto organizza periodicamente<strong> corsi propedeutici<\/strong> all&#8217;ottenimeto delle certificazioni <strong>DITALS Base, I livello e II livello<\/strong>.<\/p>\n<p style=\"text-align: center;\"><img loading=\"lazy\" decoding=\"async\" class=\"alignnone size-full wp-image-1380 img-fluid\" src=\"https:\/\/iicchicago.esteri.it\/wp-content\/uploads\/2023\/09\/Image-Divider.png\" alt=\"\" width=\"800\" height=\"50\" srcset=\"https:\/\/iicchicago.esteri.it\/wp-content\/uploads\/2023\/09\/Image-Divider.png 800w, https:\/\/iicchicago.esteri.it\/wp-content\/uploads\/2023\/09\/Image-Divider-300x19.png 300w, https:\/\/iicchicago.esteri.it\/wp-content\/uploads\/2023\/09\/Image-Divider-768x48.png 768w\" sizes=\"auto, (max-width: 800px) 100vw, 800px\" \/><\/p>\n<p><strong>IL CORSO<\/strong><\/p>\n<p>Il corso \u00e8 indirizzato a coloro che intendano sostenere l\u2019esame per l\u2019ottenimento della certificazione DITALS BASE e I livello (per i profili \u201cInsegnamento dell\u2019italiano ad adulti\u201d), ovvero a coloro che sono interessati ad ampliare e approfondire le conoscenze e le competenze glottodidattiche in materia di insegnamento dell\u2019italiano a stranieri. La Certificazione DITALS \u00e8 un titolo culturale rilasciato dall\u2019Universit\u00e0 per Stranieri di Siena, che attesta la preparazione teorico-pratica nel campo dell\u2019insegnamento dell\u2019italiano a stranieri.<\/p>\n<p>Il corso della durata di <strong>24 ore (4 CFU)<\/strong>, prevede interventi sui principali aspetti teorico metodologici della glottodidattica e della didattica dell\u2019italiano a stranieri, unitamente a simulazioni sulle prove dell\u2019esame sia BASE che di I livello. Il conseguimento dell\u2019idoneit\u00e0 finale, che verr\u00e0 rilasciata a chi seguir\u00e0 almeno l\u201980% delle lezioni e parteciper\u00e0 attivamente alle attivit\u00e0 proposte, consentir\u00e0 ai corsisti di acquisire il prerequisito della formazione glottodidattica necessario per essere ammessi all\u2019esame DITALS.<\/p>\n<p><strong>Calendario dei Corsi<\/strong><\/p>\n<ul>\n<li>Settembre 2026 (date da definirsi) &#8211; Corso DITALS Base e I Livello<\/li>\n<li>Settembre 2026 (data da definirsi) &#8211; Seminario <em>Il\u00a0cinema per l\u2019insegnamento dell\u2019italiano L2<br \/>\n<\/em>Il seminario ha l\u2019obiettivo di ampliare e approfondire le conoscenze e le competenze dei docenti di italiano a stranieri interessati utilizzare il cinema come strumento didattico durante le loro lezioni. Il seminario si rivolge anche ad aspiranti docenti di italiano a stranieri, studiosi e interessati all\u2019uso del cinema per l\u2019insegnamento dell\u2019italiano L2.<\/li>\n<\/ul>\n<p><strong>Costi*<\/strong><\/p>\n<ul>\n<li>$200 Corso DITALS Base e I Livello<\/li>\n<li>$50 Seminario<em> Il\u00a0cinema per l\u2019insegnamento dell\u2019italiano L2<\/em><\/li>\n<li>$220 Pacchetto Corso + Seminario<\/li>\n<\/ul>\n<p><em>*I costi indicati includono eventuali marche da bollo<\/em><\/p>\n<p><strong>Iscrizioni<\/strong><\/p>\n<p>Per iscriversi al corso DITALS e\/o seminario presso l\u2019Istituto Italiano di Cultura di Chicago o per qualsiasi domanda relativa a tali corsi, si prega di inviare una mail a Mary Anne Melchior a <a href=\"mailto:maryanne.melchior@esteri.it\">maryanne.melchior@esteri.it<\/a> e <strong>allegare il modulo di iscrizione.<\/strong><\/p>\n<p><strong>Modulo di iscrizione<\/strong><\/p>\n<ul>\n<li><a href=\"https:\/\/iicchicago.esteri.it\/wp-content\/uploads\/2025\/04\/Modulo-iscrizione-corso-DITALS-BASE-e-I-livello-IIC-CHICAGO-settembre-2025.doc\">Corso DITALS BASE e I livello<\/a><\/li>\n<li><a href=\"https:\/\/iicchicago.esteri.it\/wp-content\/uploads\/2025\/04\/Modulo-iscrizione-seminario-cinema-IIC-CHICAGO-settembre-2025.doc\">Seminario<\/a><\/li>\n<\/ul>\n<p style=\"text-align: center;\"><img loading=\"lazy\" decoding=\"async\" class=\"alignnone size-full wp-image-1380 img-fluid\" src=\"https:\/\/iicchicago.esteri.it\/wp-content\/uploads\/2023\/09\/Image-Divider.png\" alt=\"\" width=\"800\" height=\"50\" srcset=\"https:\/\/iicchicago.esteri.it\/wp-content\/uploads\/2023\/09\/Image-Divider.png 800w, https:\/\/iicchicago.esteri.it\/wp-content\/uploads\/2023\/09\/Image-Divider-300x19.png 300w, https:\/\/iicchicago.esteri.it\/wp-content\/uploads\/2023\/09\/Image-Divider-768x48.png 768w\" sizes=\"auto, (max-width: 800px) 100vw, 800px\" \/><\/p>\n<p><strong>LA CERTIFICAZIONE<\/strong><\/p>\n<p>La Certificazione <strong>DITALS BASE<\/strong> \u00e8 un esame che attesta una competenza iniziale in didattica dell\u2019italiano a stranieri, destinato in maniera particolare a docenti di madrelingua diversa dall\u2019italiano e comunque rivolto a coloro che si accingono a svolgere il ruolo di docente di italiano L2.<\/p>\n<p>La Certificazione <strong>DITALS di I livello<\/strong> \u00e8 un esame che attesta una buona competenza generale nella didattica dell\u2019italiano a stranieri, integrata da una competenza specifica in relazione a un particolare profilo di apprendenti; d\u00e0 inoltre diritto all\u2019accesso all\u2019esame DITALS di II livello anche in assenza di alcuni tra i prerequisiti richiesti.<\/p>\n<p>La Certificazione\u00a0<strong>DITALS di II livello<\/strong>\u00a0attesta una competenza avanzata in didattica dell\u2019italiano a stranieri e si rivolge a docenti che operano in qualsiasi contesto di insegnamento e con qualsiasi profilo di apprendenti.<\/p>\n<p><strong>Calendario degli Esami<\/strong><\/p>\n<ul>\n<li>Prova: 17 aprile, 2026<br \/>\nSessione per DITALS Base e I livello<br \/>\nIscrizioni aperte fino al 6 marzo 2026<\/li>\n<\/ul>\n<p><strong>Iscrizioni<\/strong><\/p>\n<p>Per iscriversi all\u2019esame DITALS presso l\u2019Istituto Italiano di Cultura di Chicago o per qualsiasi domanda relativa allo svolgimento dell\u2019esame presso la nostra sede, si prega di inviare una mail a Mary Anne Melchior a <a href=\"mailto:maryanne.melchior@esteri.it\">maryanne.melchior@esteri.it<\/a> e <strong>allegare il modulo di iscrizione.<\/strong><\/p>\n<p><strong>Modulo di iscrizione<\/strong><\/p>\n<ul>\n<li><a href=\"https:\/\/iicchicago.esteri.it\/wp-content\/uploads\/2026\/02\/DOMANDA-ISCRIZIONE-DITALS-BASE-SEDI.pdf\">Esame DITALS Base<\/a><\/li>\n<li><a href=\"https:\/\/iicchicago.esteri.it\/wp-content\/uploads\/2026\/02\/Domanda-ripetizione-parz.-tot.-DITALS-BASE.-SEDI.pdf\">Ripetizione parziale\/totale DITALS Base<\/a><\/li>\n<li><a href=\"https:\/\/iicchicago.esteri.it\/wp-content\/uploads\/2026\/02\/DOMANDA-ISCRIZIONE-DITALS-I-livello.SEDI_.pdf\">Esame DITALS Livello I<\/a><\/li>\n<li><a href=\"https:\/\/iicchicago.esteri.it\/wp-content\/uploads\/2026\/02\/DOMANDA-ripetizione-parz.-tot.-DITALS-I.SEDI-.pdf\">Ripetizione parziale\/totale I Livello<\/a><\/li>\n<li style=\"list-style-type: none;\"><\/li>\n<\/ul>\n<p style=\"text-align: center;\"><img loading=\"lazy\" decoding=\"async\" class=\"alignnone size-full wp-image-1380 img-fluid\" src=\"https:\/\/iicchicago.esteri.it\/wp-content\/uploads\/2023\/09\/Image-Divider.png\" alt=\"\" width=\"800\" height=\"50\" srcset=\"https:\/\/iicchicago.esteri.it\/wp-content\/uploads\/2023\/09\/Image-Divider.png 800w, https:\/\/iicchicago.esteri.it\/wp-content\/uploads\/2023\/09\/Image-Divider-300x19.png 300w, https:\/\/iicchicago.esteri.it\/wp-content\/uploads\/2023\/09\/Image-Divider-768x48.png 768w\" sizes=\"auto, (max-width: 800px) 100vw, 800px\" \/><\/p>\n<p style=\"text-align: center;\"><img loading=\"lazy\" decoding=\"async\" class=\"alignnone size-full wp-image-3080 img-fluid\" src=\"https:\/\/iicchicago.esteri.it\/wp-content\/uploads\/2024\/01\/ditals-loghi.png\" alt=\"\" width=\"1600\" height=\"180\" srcset=\"https:\/\/iicchicago.esteri.it\/wp-content\/uploads\/2024\/01\/ditals-loghi.png 1600w, https:\/\/iicchicago.esteri.it\/wp-content\/uploads\/2024\/01\/ditals-loghi-300x34.png 300w, https:\/\/iicchicago.esteri.it\/wp-content\/uploads\/2024\/01\/ditals-loghi-1024x115.png 1024w, https:\/\/iicchicago.esteri.it\/wp-content\/uploads\/2024\/01\/ditals-loghi-768x86.png 768w\" sizes=\"auto, (max-width: 1600px) 100vw, 1600px\" \/><\/p>\n","protected":false},"excerpt":{"rendered":"L&#8217;Istituto Italiano di Cultura di Chicago \u00e8 sede ufficiale negli Stati Uniti per l&#8217;ottenimeto della certificazione DITALS &#8211; Certificazione in Didattica dell&#8217;Italiano come Lingua Straniera, convenzionato con l&#8217;Universit\u00e0 per Stranieri di Siena. L&#8217;Istituto organizza periodicamente corsi propedeutici all&#8217;ottenimeto delle certificazioni DITALS Base, I livello e II livello. IL CORSO Il corso \u00e8 indirizzato a coloro [&hellip;]","protected":false},"author":6,"featured_media":0,"parent":44,"menu_order":2,"comment_status":"closed","ping_status":"closed","template":"","meta":{"footnotes":""},"class_list":["post-3070","page","type-page","status-publish","hentry"],"_links":{"self":[{"href":"https:\/\/iicchicago.esteri.it\/it\/wp-json\/wp\/v2\/pages\/3070","targetHints":{"allow":["GET"]}}],"collection":[{"href":"https:\/\/iicchicago.esteri.it\/it\/wp-json\/wp\/v2\/pages"}],"about":[{"href":"https:\/\/iicchicago.esteri.it\/it\/wp-json\/wp\/v2\/types\/page"}],"author":[{"embeddable":true,"href":"https:\/\/iicchicago.esteri.it\/it\/wp-json\/wp\/v2\/users\/6"}],"replies":[{"embeddable":true,"href":"https:\/\/iicchicago.esteri.it\/it\/wp-json\/wp\/v2\/comments?post=3070"}],"version-history":[{"count":7,"href":"https:\/\/iicchicago.esteri.it\/it\/wp-json\/wp\/v2\/pages\/3070\/revisions"}],"predecessor-version":[{"id":10586,"href":"https:\/\/iicchicago.esteri.it\/it\/wp-json\/wp\/v2\/pages\/3070\/revisions\/10586"}],"up":[{"embeddable":true,"href":"https:\/\/iicchicago.esteri.it\/it\/wp-json\/wp\/v2\/pages\/44"}],"wp:attachment":[{"href":"https:\/\/iicchicago.esteri.it\/it\/wp-json\/wp\/v2\/media?parent=3070"}],"curies":[{"name":"wp","href":"https:\/\/api.w.org\/{rel}","templated":true}]}}