{"id":44,"date":"2023-04-03T20:56:11","date_gmt":"2023-04-03T18:56:11","guid":{"rendered":"https:\/\/istitutobuenosaires.esteri.it\/?page_id=44"},"modified":"2024-03-06T13:15:41","modified_gmt":"2024-03-06T19:15:41","slug":"certificazioni","status":"publish","type":"page","link":"https:\/\/iicchicago.esteri.it\/it\/lingua-e-cultura\/certificazioni\/","title":{"rendered":"Certificazioni"},"content":{"rendered":"<p>L&#8217;Istituto Italiano di Cultura di Chicago e <a href=\"https:\/\/italculturachicago.com\/\">ItalCultura<\/a> sono <strong>sede ufficiale convenzionata<\/strong> con l&#8217;Universit\u00e0 per Stranieri di Siena, per l&#8217;ottenimento di certificazioni di lingua italiana, e certificazioni per l&#8217;insegnamento della stessa. Vengono inoltre offerti corsi di preparazione e propedeutici per il sostenimento delle relative prove d&#8217;esame.<\/p>\n<p style=\"text-align: center;\"><img loading=\"lazy\" decoding=\"async\" class=\"alignnone size-full wp-image-1380 img-fluid\" src=\"https:\/\/iicchicago.esteri.it\/wp-content\/uploads\/2023\/09\/Image-Divider.png\" alt=\"\" width=\"800\" height=\"50\" srcset=\"https:\/\/iicchicago.esteri.it\/wp-content\/uploads\/2023\/09\/Image-Divider.png 800w, https:\/\/iicchicago.esteri.it\/wp-content\/uploads\/2023\/09\/Image-Divider-300x19.png 300w, https:\/\/iicchicago.esteri.it\/wp-content\/uploads\/2023\/09\/Image-Divider-768x48.png 768w\" sizes=\"auto, (max-width: 800px) 100vw, 800px\" \/><\/p>\n<p><strong><span class=\"titoloCategoria\">Certificazione dell\u2019Italiano come Lingua Straniera (CILS)<\/span><\/strong><\/p>\n<p>I Certificati di Italiano sono titoli che dichiarano il grado di competenza comunicativa in italiano come lingua straniera. I destinatari sono tutti i cittadini stranieri, i cittadini italiani residenti all\u2019estero (discendenti di emigrati italiani) e gli immigrati stranieri in Italia.<\/p>\n<p>ItalCultura\u00a0offre corsi intensivi di preparazione agli esami CILS. Gli studenti hanno l\u2019opportunit\u00e0 di mettere alla prova la loro competenza in italiano e ricevere una designazione ufficiale del loro livello di abilit\u00e0 linguistica. La certificazione \u00e8 rilasciata dall\u2019Universit\u00e0 per Stranieri di Siena ed \u00e8 riconosciuta dal Governo Italiano sulla base di un accordo con il Ministero degli Affari Esteri.<\/p>\n<p><a href=\"https:\/\/iicchicago.esteri.it\/it\/lingua-e-cultura\/certificazioni\/cils-certificazione-dellitaliano-come-lingua-straniera\/\">Vai alla pagina CILS<\/a><\/p>\n<p style=\"text-align: center;\"><img loading=\"lazy\" decoding=\"async\" class=\"alignnone size-full wp-image-1380 img-fluid\" src=\"https:\/\/iicchicago.esteri.it\/wp-content\/uploads\/2023\/09\/Image-Divider.png\" alt=\"\" width=\"800\" height=\"50\" srcset=\"https:\/\/iicchicago.esteri.it\/wp-content\/uploads\/2023\/09\/Image-Divider.png 800w, https:\/\/iicchicago.esteri.it\/wp-content\/uploads\/2023\/09\/Image-Divider-300x19.png 300w, https:\/\/iicchicago.esteri.it\/wp-content\/uploads\/2023\/09\/Image-Divider-768x48.png 768w\" sizes=\"auto, (max-width: 800px) 100vw, 800px\" \/><\/p>\n<p><strong>Certificazione in Didattica dell\u2019Italiano come Lingua Straniera (DITALS)<\/strong><\/p>\n<p>L\u2019Istituto Italiano di Cultura di Chicago \u00e8 centro ufficiale negli Stati Uniti per l\u2019ottenimeto della certificazione DITALS \u2013 Certificazione in Didattica dell\u2019Italiano come Lingua Straniera, convenzionato con l\u2019Universit\u00e0 per Stranieri di Siena. La Certificazione DITALS \u00e8 un titolo culturale rilasciato dall\u2019Universit\u00e0 per Stranieri di Siena, che attesta la preparazione teorico-pratica nel campo dell\u2019insegnamento dell\u2019italiano a stranieri.<\/p>\n<p><a href=\"https:\/\/iicchicago.esteri.it\/it\/lingua-e-cultura\/certificazioni\/ditals-certificazione-in-didattica-dellitaliano\/\">Vai alla pagina DITALS<\/a><\/p>\n<p style=\"text-align: center;\"><img loading=\"lazy\" decoding=\"async\" class=\"alignnone size-full wp-image-1380 img-fluid\" src=\"https:\/\/iicchicago.esteri.it\/wp-content\/uploads\/2023\/09\/Image-Divider.png\" alt=\"\" width=\"800\" height=\"50\" srcset=\"https:\/\/iicchicago.esteri.it\/wp-content\/uploads\/2023\/09\/Image-Divider.png 800w, https:\/\/iicchicago.esteri.it\/wp-content\/uploads\/2023\/09\/Image-Divider-300x19.png 300w, https:\/\/iicchicago.esteri.it\/wp-content\/uploads\/2023\/09\/Image-Divider-768x48.png 768w\" sizes=\"auto, (max-width: 800px) 100vw, 800px\" \/><\/p>\n<p style=\"text-align: center;\"><img loading=\"lazy\" decoding=\"async\" class=\"alignnone size-full wp-image-3080 img-fluid\" src=\"https:\/\/iicchicago.esteri.it\/wp-content\/uploads\/2024\/01\/ditals-loghi.png\" alt=\"\" width=\"1600\" height=\"180\" srcset=\"https:\/\/iicchicago.esteri.it\/wp-content\/uploads\/2024\/01\/ditals-loghi.png 1600w, https:\/\/iicchicago.esteri.it\/wp-content\/uploads\/2024\/01\/ditals-loghi-300x34.png 300w, https:\/\/iicchicago.esteri.it\/wp-content\/uploads\/2024\/01\/ditals-loghi-1024x115.png 1024w, https:\/\/iicchicago.esteri.it\/wp-content\/uploads\/2024\/01\/ditals-loghi-768x86.png 768w\" sizes=\"auto, (max-width: 1600px) 100vw, 1600px\" \/><\/p>\n","protected":false},"excerpt":{"rendered":"L&#8217;Istituto Italiano di Cultura di Chicago e ItalCultura sono sede ufficiale convenzionata con l&#8217;Universit\u00e0 per Stranieri di Siena, per l&#8217;ottenimento di certificazioni di lingua italiana, e certificazioni per l&#8217;insegnamento della stessa. Vengono inoltre offerti corsi di preparazione e propedeutici per il sostenimento delle relative prove d&#8217;esame. Certificazione dell\u2019Italiano come Lingua Straniera (CILS) I Certificati di [&hellip;]","protected":false},"author":1,"featured_media":0,"parent":16,"menu_order":4,"comment_status":"closed","ping_status":"closed","template":"","meta":{"footnotes":""},"class_list":["post-44","page","type-page","status-publish","hentry"],"_links":{"self":[{"href":"https:\/\/iicchicago.esteri.it\/it\/wp-json\/wp\/v2\/pages\/44","targetHints":{"allow":["GET"]}}],"collection":[{"href":"https:\/\/iicchicago.esteri.it\/it\/wp-json\/wp\/v2\/pages"}],"about":[{"href":"https:\/\/iicchicago.esteri.it\/it\/wp-json\/wp\/v2\/types\/page"}],"author":[{"embeddable":true,"href":"https:\/\/iicchicago.esteri.it\/it\/wp-json\/wp\/v2\/users\/1"}],"replies":[{"embeddable":true,"href":"https:\/\/iicchicago.esteri.it\/it\/wp-json\/wp\/v2\/comments?post=44"}],"version-history":[{"count":7,"href":"https:\/\/iicchicago.esteri.it\/it\/wp-json\/wp\/v2\/pages\/44\/revisions"}],"predecessor-version":[{"id":4254,"href":"https:\/\/iicchicago.esteri.it\/it\/wp-json\/wp\/v2\/pages\/44\/revisions\/4254"}],"up":[{"embeddable":true,"href":"https:\/\/iicchicago.esteri.it\/it\/wp-json\/wp\/v2\/pages\/16"}],"wp:attachment":[{"href":"https:\/\/iicchicago.esteri.it\/it\/wp-json\/wp\/v2\/media?parent=44"}],"curies":[{"name":"wp","href":"https:\/\/api.w.org\/{rel}","templated":true}]}}