{"id":46,"date":"2023-04-03T20:56:47","date_gmt":"2023-04-03T18:56:47","guid":{"rendered":"https:\/\/istitutobuenosaires.esteri.it\/?page_id=46"},"modified":"2024-03-25T16:03:43","modified_gmt":"2024-03-25T21:03:43","slug":"biblioteca","status":"publish","type":"page","link":"https:\/\/iicchicago.esteri.it\/it\/lingua-e-cultura\/biblioteca\/","title":{"rendered":"Biblioteca"},"content":{"rendered":"<p><strong>Benvenuti nella Biblioteca dell&#8217;Istituto Italiano di Cultura di Chicago!<\/strong><\/p>\n<p>La biblioteca dell&#8217;Istituto Italiano di Cultura a Chicago offre servizi di consultazione e prestito al pubblico, e vanta un catalogo di quasi 4000 titoli tra libri e DVD. La collezione comprende, tra le altre, un&#8217;ampia sezione dedicata alla narrativa Italiana, collezioni specializzate e tematiche, e una sezione dedicata all&#8217;infanzia e ai giovani lettori.<\/p>\n<p>L&#8217;aggiornamento del materiale della biblioteca avviene sia attraverso l&#8217;acquisto di pubblicazioni\/produzioni recenti, comprese le edizioni originali prodotte dal Ministero degli Affari Esteri e del Ministero dei Beni e delle Attivit\u00e0 Culturali, sia grazie a omaggi di case editrici e a donazioni di privati.<\/p>\n<p><em>Il Catalogo<\/em><\/p>\n<p>Sul catalogo della biblioteca dell&#8217;Istituto Italiano di Cultura di Chicago, gli utenti possono effettuare le seguenti operazioni:<\/p>\n<ul>\n<li>Ricerche semplici o avanzate (ad es. per titolo o per autore) sull&#8217;intero patrimonio;<\/li>\n<li>Prendere visione delle nuove acquisizioni;<\/li>\n<li>Compilare liste bibliografiche ed inviarle per posta elettronica a diversi destinatari;<\/li>\n<li>Proporre nuovi acquisti;<\/li>\n<li>Ottenere informazioni e dati statistici sulla biblioteca;<\/li>\n<li>Accedere alle risorse virtuali di lingua, letteratura e cultura italiana disponibili online.<\/li>\n<\/ul>\n<div>\n<p><a title=\"CATALOGO ON LINE BIBLIOTECA IIC\" href=\"http:\/\/www.bibliowin.net\/iicchicago\/\" target=\"_blank\" rel=\"noopener\">CONSULTA IL CATALOGO\u00a0ONLINE<\/a><\/p>\n<p>I soci dell&#8217;Istituto Italiano di Cultura hanno accesso gratuito alla nostra <a href=\"https:\/\/iicchicago.esteri.it\/it\/lingua-e-cultura\/biblioteca\/media-library\/\">Media Library ed Edicola Italiana Online, MLOL<\/a>.<\/p>\n<p>Questa piattaforma digitale offre accessi alle principali testate italiane e internazionali, e al contenuto virtuale di biblioteche pubbliche e accademiche, comprendente al momento pi\u00f9 di 5000 biblioteche situate in 19 regioni italiane e in 9 paesi differenti.<\/p>\n<p><em>Accesso e consultazione<\/em><\/p>\n<p>La consultazione \u00e8 consentita dal luned\u00ec al venerd\u00ec dalle 10.00 alle 16.30. L&#8217;accesso \u00e8 libero. Per visite fuori orario, si prega di scrivere a <a href=\"mailto:iicchicago@esteri.it\">iicchicago@esteri.it<\/a><\/p>\n<p>I libri e le riviste possono essere consultati nelle due sale di lettura. La consultazione del materiale audio\/video non pu\u00f2 essere effettuata in loco.<\/p>\n<p><em>Prestiti e servizi<\/em><\/p>\n<p>I materiali presenti, ad eccezione di parti della collezione che non possano essere rimosse per motivi di conservazione, possono essere presi in prestito per un periodo massimo di 30 giorni (libri) o 15 giorni (DVD), a fronte del pagamento di un deposito cauzionale in contanti di $50 che verr\u00e0 restituito al momento della riconsegna dei materiali.<\/p>\n<p>I soci sostenitori dell&#8217;IIC possono usufruire del servizio prestiti senza il pagamento della cauzione.<\/p>\n<p>Il prestito pu\u00f2 essere rinnovato una sola volta telefonicamente o via e-mail a <a href=\"mailto:iicchicago@esteri.it\">iicchicago@esteri.it\u00a0<\/a><\/p>\n<p>In caso di ritardo nella riconsegna dei materiali presi in prestito, viene applicata una tassa di $50, per ritardi superiori ai 15 giorni a partire dalla scadenza del prestito.<\/p>\n<p>In caso di perdita o danneggiamento di materiali presi in prestito, tale da impossibilitarne l&#8217;utilizzo, la cauzione versata non verr\u00e0 restituita. Ai soci dell&#8217;IIC, ai quali non \u00e8 richiesto il pagamento della cauzione, viene applicata una tassa di $50.<\/p>\n<p><em>Nota<\/em><\/p>\n<p>L\u2019Istituto Italiano di Cultura non risponde di eventuali infrazioni relative ai Regolamenti e alle Leggi sul Copyright commesse da chi prende in prestito il suddetto materiale. Le pubblicazioni prestate rimangono comunque di propriet\u00e0 dell\u2019Istituto Italiano di Cultura.<\/p>\n<\/div>\n","protected":false},"excerpt":{"rendered":"Benvenuti nella Biblioteca dell&#8217;Istituto Italiano di Cultura di Chicago! La biblioteca dell&#8217;Istituto Italiano di Cultura a Chicago offre servizi di consultazione e prestito al pubblico, e vanta un catalogo di quasi 4000 titoli tra libri e DVD. La collezione comprende, tra le altre, un&#8217;ampia sezione dedicata alla narrativa Italiana, collezioni specializzate e tematiche, e una [&hellip;]","protected":false},"author":1,"featured_media":0,"parent":16,"menu_order":10,"comment_status":"closed","ping_status":"closed","template":"","meta":{"footnotes":""},"class_list":["post-46","page","type-page","status-publish","hentry"],"_links":{"self":[{"href":"https:\/\/iicchicago.esteri.it\/it\/wp-json\/wp\/v2\/pages\/46","targetHints":{"allow":["GET"]}}],"collection":[{"href":"https:\/\/iicchicago.esteri.it\/it\/wp-json\/wp\/v2\/pages"}],"about":[{"href":"https:\/\/iicchicago.esteri.it\/it\/wp-json\/wp\/v2\/types\/page"}],"author":[{"embeddable":true,"href":"https:\/\/iicchicago.esteri.it\/it\/wp-json\/wp\/v2\/users\/1"}],"replies":[{"embeddable":true,"href":"https:\/\/iicchicago.esteri.it\/it\/wp-json\/wp\/v2\/comments?post=46"}],"version-history":[{"count":7,"href":"https:\/\/iicchicago.esteri.it\/it\/wp-json\/wp\/v2\/pages\/46\/revisions"}],"predecessor-version":[{"id":4449,"href":"https:\/\/iicchicago.esteri.it\/it\/wp-json\/wp\/v2\/pages\/46\/revisions\/4449"}],"up":[{"embeddable":true,"href":"https:\/\/iicchicago.esteri.it\/it\/wp-json\/wp\/v2\/pages\/16"}],"wp:attachment":[{"href":"https:\/\/iicchicago.esteri.it\/it\/wp-json\/wp\/v2\/media?parent=46"}],"curies":[{"name":"wp","href":"https:\/\/api.w.org\/{rel}","templated":true}]}}